{"id":475,"date":"2024-01-02T16:20:31","date_gmt":"2024-01-02T16:20:31","guid":{"rendered":"https:\/\/bradleyfarrugia.com\/?page_id=475"},"modified":"2025-09-16T12:28:07","modified_gmt":"2025-09-16T12:28:07","slug":"the-local-festa","status":"publish","type":"page","link":"https:\/\/bradleyfarrugia.com\/index.php\/the-local-festa\/","title":{"rendered":"The Local Festa"},"content":{"rendered":"\n<div class=\"wp-block-cover\" style=\"margin-top:0;margin-bottom:0;padding-top:0;padding-right:0;padding-bottom:0;padding-left:0;min-height:380px\"><span aria-hidden=\"true\" class=\"wp-block-cover__background has-custom-dark-gray-background-color has-background-dim-70 has-background-dim\"><\/span><img fetchpriority=\"high\" decoding=\"async\" width=\"3386\" height=\"2134\" class=\"wp-block-cover__image-background wp-image-184\" alt=\"\" src=\"https:\/\/bradleyfarrugia.com\/wp-content\/uploads\/2022\/11\/Festa-Thumbnail-Website-2.png\" style=\"object-position:55% 63%\" data-object-fit=\"cover\" data-object-position=\"55% 63%\" srcset=\"https:\/\/bradleyfarrugia.com\/wp-content\/uploads\/2022\/11\/Festa-Thumbnail-Website-2.png 3386w, https:\/\/bradleyfarrugia.com\/wp-content\/uploads\/2022\/11\/Festa-Thumbnail-Website-2-1024x645.png 1024w, https:\/\/bradleyfarrugia.com\/wp-content\/uploads\/2022\/11\/Festa-Thumbnail-Website-2-768x484.png 768w, https:\/\/bradleyfarrugia.com\/wp-content\/uploads\/2022\/11\/Festa-Thumbnail-Website-2-1536x968.png 1536w, https:\/\/bradleyfarrugia.com\/wp-content\/uploads\/2022\/11\/Festa-Thumbnail-Website-2-2048x1291.png 2048w, https:\/\/bradleyfarrugia.com\/wp-content\/uploads\/2022\/11\/Festa-Thumbnail-Website-2-1568x988.png 1568w, https:\/\/bradleyfarrugia.com\/wp-content\/uploads\/2022\/11\/Festa-Thumbnail-Website-2-600x378.png 600w\" sizes=\"(max-width: 3386px) 100vw, 3386px\" \/><div class=\"wp-block-cover__inner-container is-layout-flow wp-container-core-cover-layout-1 wp-block-cover-is-layout-flow\">\n<h1 class=\"wp-block-heading has-text-align-center has-secondary-color has-text-color has-starlights-font-family\" style=\"margin-top:34px;margin-right:0;margin-bottom:34px;margin-left:0;font-size:85px\">The Local Festa<\/h1>\n\n\n\n<div class=\"wp-block-buttons is-horizontal is-content-justification-center is-layout-flex wp-container-core-buttons-layout-1 wp-block-buttons-is-layout-flex\" style=\"margin-top:0;margin-bottom:0\">\n<div class=\"wp-block-button has-custom-font-size is-style-outline\" style=\"font-size:16px\"><a class=\"wp-block-button__link has-secondary-color has-custom-light-blue-background-color has-text-color has-background has-text-align-center wp-element-button\" href=\"#featuredfilm-section\" style=\"border-style:none;border-width:0px;border-radius:10px;padding-top:var(--wp--preset--spacing--30);padding-right:37px;padding-bottom:var(--wp--preset--spacing--30);padding-left:37px\">Watch Featured<\/a><\/div>\n<\/div>\n<\/div><\/div>\n\n\n\n<div class=\"wp-block-group has-custom-dark-gray-background-color has-background is-layout-flow wp-block-group-is-layout-flow\" style=\"margin-top:0;margin-bottom:0;padding-top:0;padding-right:0;padding-bottom:0;padding-left:0\">\n<div class=\"wp-block-group has-background is-layout-flow wp-container-core-group-layout-1 wp-block-group-is-layout-flow\" style=\"border-radius:0px;background-color:#292929;min-height:0px;margin-top:0;margin-bottom:0;padding-top:var(--wp--preset--spacing--30);padding-right:var(--wp--preset--spacing--40);padding-bottom:var(--wp--preset--spacing--30);padding-left:var(--wp--preset--spacing--40)\">\n<div class=\"wp-block-columns is-layout-flex wp-container-core-columns-layout-3 wp-block-columns-is-layout-flex\">\n<div class=\"wp-block-column is-layout-flow wp-block-column-is-layout-flow\" style=\"flex-basis:5%\">\n<div class=\"wp-block-columns are-vertically-aligned-top is-layout-flex wp-container-core-columns-layout-1 wp-block-columns-is-layout-flex\">\n<div class=\"wp-block-column is-vertically-aligned-top is-content-justification-center is-layout-constrained wp-container-core-column-layout-1 wp-block-column-is-layout-constrained\" style=\"flex-basis:100%\">\n<p class=\"has-text-align-center\" style=\"margin-top:0;margin-right:0;margin-bottom:0;margin-left:0;padding-top:0;padding-right:0;padding-bottom:0;padding-left:0\"><\/p>\n<\/div>\n<\/div>\n\n\n\n<div class=\"wp-block-columns is-layout-flex wp-container-core-columns-layout-2 wp-block-columns-is-layout-flex\">\n<div class=\"wp-block-column is-layout-flow wp-block-column-is-layout-flow\"><\/div>\n<\/div>\n<\/div>\n\n\n\n<div class=\"wp-block-column is-layout-flow wp-block-column-is-layout-flow\" style=\"flex-basis:90%\">\n<p class=\"has-text-align-center has-secondary-color has-text-color has-background has-link-color wp-elements-aa3d47b07ba590f21670649cdaf3debe\" style=\"background-color:#292929;padding-top:var(--wp--preset--spacing--70);padding-right:var(--wp--preset--spacing--50);padding-bottom:var(--wp--preset--spacing--70);padding-left:var(--wp--preset--spacing--50);line-height:1.6\">The local festa has always been something to euphorically look forward to all year round. As a volunteer myself, I have always looked at volunteering as a very rewarding contribution &#8211; and that&#8217;s where I got exposed to a camera &amp; videography for the first time.<br><br>As a filmmaker, I have now incorporated my skills and a passion of crafting memories and visual storytelling, with the aim of adding value and appreciation to the volunteer and all local festas around the nation.<\/p>\n<\/div>\n\n\n\n<div class=\"wp-block-column is-layout-flow wp-block-column-is-layout-flow\" style=\"flex-basis:5%\">\n<p><\/p>\n<\/div>\n<\/div>\n<\/div>\n\n\n\n<div class=\"wp-block-columns alignwide is-layout-flex wp-container-core-columns-layout-4 wp-block-columns-is-layout-flex\" style=\"margin-bottom:0\">\n<div class=\"wp-block-column has-text-color has-background has-link-color wp-elements-3765e16a3edf45eff10e47e879e39d3b is-layout-flow wp-block-column-is-layout-flow\" style=\"color:#000000;background-color:#1f1f1f;padding-top:var(--wp--preset--spacing--70);padding-right:2em;padding-bottom:var(--wp--preset--spacing--70);padding-left:2em\">\n<h2 class=\"wp-block-heading has-text-align-center has-secondary-color has-text-color has-link-color wp-elements-dd0591da5496f3bcd04568ba81227920\" id=\"single\" style=\"padding-top:0;padding-bottom:var(--wp--preset--spacing--60);font-size:32px\"><strong>Cinematography<\/strong><br><\/h2>\n\n\n\n<p class=\"has-text-align-center has-secondary-color has-text-color has-link-color wp-elements-6e03571b19d32796f6e76ffb7b83239b\" style=\"margin-top:0;margin-bottom:0;font-size:17px;line-height:1.5\"><strong>Cinematic film-ready footage<\/strong> captured in high-quality 4K with slow-motion possibilities.<br><br>Multi-day multiple angle coverage with full RAW Footage transfer.<br><br>Aerial Cinematography also available on request.<\/p>\n<\/div>\n\n\n\n<div class=\"wp-block-column has-text-color has-background has-link-color wp-elements-15e699fb0feb464a6d2199fc382118d5 is-layout-flow wp-block-column-is-layout-flow\" style=\"color:#000000;background-color:#1f1f1f;padding-top:2em;padding-right:2em;padding-bottom:2em;padding-left:2em\">\n<h2 class=\"wp-block-heading has-text-align-center has-secondary-color has-text-color has-link-color wp-elements-789e83bb2105f4a32c94aa8e834b202a\" id=\"family\" style=\"padding-bottom:var(--wp--preset--spacing--60);font-size:32px\"><strong>Photography<\/strong><\/h2>\n\n\n\n<p class=\"has-text-align-center has-secondary-color has-text-color has-link-color wp-elements-eb7e68738e91d1e7ecf34c67f78f684c\" style=\"padding-bottom:var(--wp--preset--spacing--30);font-size:17px;line-height:1.5\"><strong>All-event photographic coverage<\/strong> for concerts, activities &amp; full day-to-day festa coverage.<br><br>Creation of high quality photographic media with direct social media publishing involvement also available.<\/p>\n\n\n\n<div class=\"wp-block-buttons alignfull is-horizontal is-content-justification-center is-layout-flex wp-container-core-buttons-layout-2 wp-block-buttons-is-layout-flex\" style=\"margin-top:0;margin-bottom:var(--wp--preset--spacing--30)\">\n<div class=\"wp-block-button has-custom-width wp-block-button__width-75 is-style-fill\"><a class=\"wp-block-button__link has-white-color has-custom-dark-gray-background-color has-text-color has-background wp-element-button\" href=\"https:\/\/bradleyfarrugia.com\/index.php\/discuss-your-video-idea\/\" style=\"border-style:none;border-width:0px;border-radius:13px;padding-top:var(--wp--preset--spacing--30);padding-bottom:var(--wp--preset--spacing--30)\">Explore More<\/a><\/div>\n<\/div>\n<\/div>\n\n\n\n<div class=\"wp-block-column has-text-color has-background has-link-color wp-elements-40b0ff6e913e746056840ec49f3b8ceb is-layout-flow wp-block-column-is-layout-flow\" style=\"color:#000000;background-color:#1f1f1f;padding-top:2em;padding-right:2em;padding-bottom:2em;padding-left:2em\">\n<h2 class=\"wp-block-heading has-text-align-center has-secondary-color has-text-color has-link-color wp-elements-7ca4b88f26664d1684ec3840c32b73f9\" id=\"patron\" style=\"padding-top:0;padding-bottom:var(--wp--preset--spacing--60);font-size:32px\"><strong>Editing<\/strong><br><\/h2>\n\n\n\n<p class=\"has-text-align-center has-secondary-color has-text-color has-link-color wp-elements-796c9a9ec1e52ba48492c42f722e98c7\" style=\"font-size:17px\"><strong>Comprehensive photo &amp; video editing<\/strong> services suited to all emotions brought by the local festa.<br><br>Extensive experience in creation of multiple local festas&#8217; promo videos, features, recap videos &amp; after-movies.<br><br><\/p>\n<\/div>\n<\/div>\n\n\n\n<div class=\"wp-block-columns is-layout-flex wp-container-core-columns-layout-8 wp-block-columns-is-layout-flex\">\n<div class=\"wp-block-column has-background is-layout-flow wp-container-core-column-layout-17 wp-block-column-is-layout-flow\" style=\"background-color:#292929;padding-top:0;padding-right:0;padding-bottom:0;padding-left:0\" id=\"featuredfilm-section\">\n<div class=\"wp-block-columns is-layout-flex wp-container-core-columns-layout-5 wp-block-columns-is-layout-flex\" style=\"margin-top:var(--wp--preset--spacing--30);margin-bottom:var(--wp--preset--spacing--30);padding-top:0;padding-right:0;padding-bottom:0;padding-left:0\">\n<div class=\"wp-block-column is-vertically-aligned-stretch is-layout-flow wp-container-core-column-layout-9 wp-block-column-is-layout-flow\" style=\"padding-top:var(--wp--preset--spacing--50);padding-right:0;padding-bottom:0;padding-left:0;flex-basis:63%\" id=\"featuredfilm\">\n<figure class=\"wp-block-embed is-type-video is-provider-youtube wp-block-embed-youtube wp-embed-aspect-16-9 wp-has-aspect-ratio\" style=\"margin-top:var(--wp--preset--spacing--40);margin-right:var(--wp--preset--spacing--60);margin-bottom:var(--wp--preset--spacing--60);margin-left:var(--wp--preset--spacing--60)\"><div class=\"wp-block-embed__wrapper\">\n<iframe title=\"Il-Festa Maltija: A Culture of Colours.\" width=\"500\" height=\"281\" src=\"https:\/\/www.youtube.com\/embed\/J2QmhaDMLBo?feature=oembed\" frameborder=\"0\" allow=\"accelerometer; autoplay; clipboard-write; encrypted-media; gyroscope; picture-in-picture; web-share\" allowfullscreen><\/iframe>\n<\/div><\/figure>\n<\/div>\n\n\n\n<div class=\"wp-block-column is-vertically-aligned-center has-x-small-font-size is-layout-flow wp-container-core-column-layout-10 wp-block-column-is-layout-flow\" style=\"padding-top:var(--wp--preset--spacing--30);padding-right:var(--wp--preset--spacing--20);padding-bottom:var(--wp--preset--spacing--30);padding-left:var(--wp--preset--spacing--20);flex-basis:33.7%\">\n<h2 class=\"wp-block-heading has-text-align-center has-custom-light-blue-color has-text-color has-link-color has-starlights-font-family wp-elements-1f678ef6c8684defb2c04c97c7f5aa65\" style=\"margin-top:var(--wp--preset--spacing--30);margin-right:0;margin-bottom:var(--wp--preset--spacing--30);margin-left:0;padding-top:var(--wp--preset--spacing--20);padding-right:var(--wp--preset--spacing--40);padding-bottom:0;padding-left:var(--wp--preset--spacing--40);font-size:50px\"><strong>Featured Film<\/strong><\/h2>\n\n\n\n<p class=\"has-text-align-center has-secondary-color has-text-color has-link-color has-medium-font-size wp-elements-fa86ebfaa49b1d6e35d673a3bb8cad6b\" style=\"padding-top:0;padding-right:2.6rem;padding-bottom:var(--wp--preset--spacing--60);padding-left:2.6rem\">&#8216;Il-Festa Maltija: A Culture of Colours&#8217;, a highlight film  documenting some of the most special moments from all commissioned feast works during the 2023 Local Festa Season.<\/p>\n<\/div>\n<\/div>\n\n\n\n<p class=\"has-text-align-center has-secondary-color has-text-color has-link-color has-large-font-size wp-elements-bc533cf56df98fe23b539f702a57a045\" style=\"margin-top:var(--wp--preset--spacing--40);margin-bottom:var(--wp--preset--spacing--20);padding-bottom:var(--wp--preset--spacing--60)\"><strong>Watch More: <\/strong><\/p>\n\n\n\n<div class=\"wp-block-columns is-layout-flex wp-container-core-columns-layout-6 wp-block-columns-is-layout-flex\" style=\"margin-top:var(--wp--preset--spacing--40);margin-bottom:var(--wp--preset--spacing--40);padding-right:var(--wp--preset--spacing--70);padding-bottom:var(--wp--preset--spacing--70);padding-left:var(--wp--preset--spacing--70)\">\n<div class=\"wp-block-column is-layout-flow wp-block-column-is-layout-flow\">\n<figure class=\"wp-block-embed is-type-video is-provider-youtube wp-block-embed-youtube wp-embed-aspect-16-9 wp-has-aspect-ratio\"><div class=\"wp-block-embed__wrapper\">\n<iframe title=\"After-Movie \/\/ Marija Bambina Naxxar 2022\" width=\"500\" height=\"281\" src=\"https:\/\/www.youtube.com\/embed\/UrVL0krZmsg?feature=oembed\" frameborder=\"0\" allow=\"accelerometer; autoplay; clipboard-write; encrypted-media; gyroscope; picture-in-picture; web-share\" allowfullscreen><\/iframe>\n<\/div><\/figure>\n<\/div>\n\n\n\n<div class=\"wp-block-column is-layout-flow wp-block-column-is-layout-flow\">\n<figure class=\"wp-block-embed is-type-video is-provider-youtube wp-block-embed-youtube wp-embed-aspect-16-9 wp-has-aspect-ratio\"><div class=\"wp-block-embed__wrapper\">\n<iframe title=\"Is-Sajf Malti \/\/ Festografija &#039;2022\" width=\"500\" height=\"281\" src=\"https:\/\/www.youtube.com\/embed\/GX7chF8YbYQ?feature=oembed\" frameborder=\"0\" allow=\"accelerometer; autoplay; clipboard-write; encrypted-media; gyroscope; picture-in-picture; web-share\" allowfullscreen><\/iframe>\n<\/div><\/figure>\n<\/div>\n\n\n\n<div class=\"wp-block-column is-layout-flow wp-block-column-is-layout-flow\">\n<figure class=\"wp-block-embed is-type-video is-provider-youtube wp-block-embed-youtube wp-embed-aspect-16-9 wp-has-aspect-ratio\"><div class=\"wp-block-embed__wrapper\">\n<iframe title=\"Slow-Motion \/\/ Madonna ta\u010b-\u010aintura Gudja 2022\" width=\"500\" height=\"281\" src=\"https:\/\/www.youtube.com\/embed\/P92k8a7uubI?feature=oembed\" frameborder=\"0\" allow=\"accelerometer; autoplay; clipboard-write; encrypted-media; gyroscope; picture-in-picture; web-share\" allowfullscreen><\/iframe>\n<\/div><\/figure>\n<\/div>\n<\/div>\n\n\n\n<div class=\"wp-block-group alignfull has-custom-white-background-color has-text-color has-background is-layout-constrained wp-container-core-group-layout-2 wp-block-group-is-layout-constrained\" style=\"border-style:none;border-width:0px;border-radius:0px;color:#000000;min-height:0px;margin-top:0;margin-bottom:0;padding-top:var(--wp--preset--spacing--70);padding-right:var(--wp--preset--spacing--60);padding-bottom:var(--wp--preset--spacing--70);padding-left:var(--wp--preset--spacing--60)\">\n<div style=\"height:0px;width:0px\" aria-hidden=\"true\" class=\"wp-block-spacer\"><\/div>\n\n\n\n<p class=\"has-text-align-center has-custom-dark-gray-color has-text-color has-link-color has-small-font-size wp-elements-6302cd66f8e3e3677fa45ccb87d36f85\" style=\"margin-top:0;margin-bottom:0;padding-top:var(--wp--preset--spacing--20);padding-right:0;padding-bottom:0;padding-left:0;line-height:1.1\"><strong>OPEN FOR 2026 BOOKINGS<\/strong><\/p>\n\n\n\n<h2 class=\"wp-block-heading has-text-align-center has-primary-color has-text-color has-link-color wp-elements-265a7a47477ee0f4823265f2c342ac07\" id=\"schedule-a-visit\" style=\"margin-top:0;margin-right:0;margin-bottom:0;margin-left:0;padding-top:var(--wp--preset--spacing--30);padding-right:var(--wp--preset--spacing--30);padding-bottom:var(--wp--preset--spacing--30);padding-left:var(--wp--preset--spacing--30);font-size:56px;line-height:1.15\"><strong>Request a Quote<\/strong>.<\/h2>\n\n\n\n<div class=\"wp-block-buttons is-horizontal is-content-justification-center is-layout-flex wp-container-core-buttons-layout-3 wp-block-buttons-is-layout-flex\" style=\"margin-bottom:0\">\n<div class=\"wp-block-button has-custom-width wp-block-button__width-50\"><a class=\"wp-block-button__link has-primary-background-color has-text-color has-background wp-element-button\" href=\"https:\/\/bradleyfarrugia.com\/index.php\/discuss-your-video-idea\/\" style=\"border-radius:33px;color:#ffffff;padding-top:var(--wp--preset--spacing--40);padding-right:var(--wp--preset--spacing--20);padding-bottom:var(--wp--preset--spacing--40);padding-left:var(--wp--preset--spacing--20)\"><strong>Contact us<\/strong><\/a><\/div>\n<\/div>\n\n\n\n<div style=\"margin-top:0;margin-bottom:0;height:0px;width:0px\" aria-hidden=\"true\" class=\"wp-block-spacer\"><\/div>\n<\/div>\n\n\n\n<p class=\"has-text-align-center has-secondary-color has-primary-background-color has-text-color has-background has-link-color has-large-font-size wp-elements-69ba98df28d74176d2383f1cba7c876e\" style=\"padding-top:var(--wp--preset--spacing--70);padding-right:0;padding-bottom:var(--wp--preset--spacing--50);padding-left:0\"><strong>Trusted by:<\/strong><\/p>\n\n\n\n<div class=\"wp-block-columns has-secondary-color has-primary-background-color has-text-color has-background has-link-color wp-elements-2c17a1e98fd588554a1c46f47735acf4 is-layout-flex wp-container-core-columns-layout-7 wp-block-columns-is-layout-flex\" style=\"border-style:none;border-width:0px;margin-top:0;margin-bottom:0;padding-top:var(--wp--preset--spacing--40);padding-right:var(--wp--preset--spacing--60);padding-bottom:var(--wp--preset--spacing--70);padding-left:var(--wp--preset--spacing--60)\">\n<div class=\"wp-block-column is-layout-flow wp-container-core-column-layout-14 wp-block-column-is-layout-flow\" style=\"padding-top:var(--wp--preset--spacing--30);padding-right:0;padding-bottom:var(--wp--preset--spacing--30);padding-left:0\">\n<p class=\"has-text-align-center\" style=\"padding-top:0;padding-bottom:0;font-size:18px;line-height:1.5\">So\u010bjeta Filarmonika L-Unjoni A.D. 1883<\/p>\n\n\n\n<p class=\"has-text-align-center\" style=\"padding-top:0;padding-bottom:0;font-size:18px;line-height:1.5\">Kummissjoni Mar\u010bi Briju\u017ci Ker\u010bem A.D. 1994<\/p>\n\n\n\n<p class=\"has-text-align-center\" style=\"padding-top:0;padding-bottom:0;font-size:18px;line-height:1.5\">\u017bg\u0127a\u017cag\u0127 Rabtin Pawlini<\/p>\n\n\n\n<p class=\"has-text-align-center\" style=\"padding-top:0;padding-bottom:0;font-size:18px;line-height:1.5\">Kumitat Festa Marija Sultana tal-Martri San Pawl il-Ba\u0127ar A.D. 1969<\/p>\n<\/div>\n\n\n\n<div class=\"wp-block-column is-vertically-aligned-center is-layout-flow wp-container-core-column-layout-15 wp-block-column-is-layout-flow\" style=\"padding-top:var(--wp--preset--spacing--30);padding-right:0;padding-bottom:var(--wp--preset--spacing--30);padding-left:0\">\n<p class=\"has-text-align-center\" style=\"padding-top:0;padding-bottom:0;font-size:18px;line-height:1.5\">So\u010bjeta Filarmonika La Stella <\/p>\n\n\n\n<p class=\"has-text-align-center\" style=\"padding-top:0;padding-bottom:0;font-size:18px;line-height:1.5\">Sezzjoni \u017bg\u0127a\u017cag\u0127 Palmisti Sannat<\/p>\n\n\n\n<p class=\"has-text-align-center\" style=\"padding-top:0;padding-bottom:var(--wp--preset--spacing--60);font-size:18px;line-height:1.5\">So\u010bjet\u00e0 Filarmonika San Pietru Banda Bir\u017cebbu\u0121a A.D. 1990<\/p>\n<\/div>\n\n\n\n<div class=\"wp-block-column is-layout-flow wp-container-core-column-layout-16 wp-block-column-is-layout-flow\" style=\"padding-top:var(--wp--preset--spacing--30);padding-right:0;padding-bottom:var(--wp--preset--spacing--30);padding-left:0\">\n<p class=\"has-text-align-center\" style=\"padding-top:0;padding-bottom:0;font-size:18px;line-height:1.5\">G\u0127aqda Mu\u017cikali Santa Marija Dingli<\/p>\n\n\n\n<p class=\"has-text-align-center\" style=\"padding-top:0;padding-bottom:0;font-size:18px;line-height:1.5\">So\u010bjeta Filarmonika Leone<\/p>\n\n\n\n<p class=\"has-text-align-center has-primary-background-color has-background\" style=\"padding-top:0;padding-bottom:0;font-size:18px;line-height:1.5\">G\u0127aqda Mu\u017cikali Marija Bambina Banda Vittorja, Naxxar<\/p>\n\n\n\n<p class=\"has-text-align-center has-primary-background-color has-background\" style=\"padding-top:0;padding-bottom:0;font-size:18px;line-height:1.5\">Sezzjoni \u017bg\u0127a\u017cag\u0127 u Partitarji Marija Annunzjata, \u0126al Tarxien<\/p>\n<\/div>\n<\/div>\n<\/div>\n<\/div>\n<\/div>\n","protected":false},"excerpt":{"rendered":"<p>The local festa has always been something to euphorically look forward to all year round. As a volunteer myself, I have always looked at volunteering as a very rewarding contribution &#8211; and that&#8217;s where I got exposed to a camera &amp; videography for the first time. As a filmmaker, I have now incorporated my skills [&hellip;]<\/p>\n","protected":false},"author":1,"featured_media":0,"parent":0,"menu_order":0,"comment_status":"closed","ping_status":"closed","template":"","meta":{"footnotes":""},"featured_media_urls":[],"_links":{"self":[{"href":"https:\/\/bradleyfarrugia.com\/index.php\/wp-json\/wp\/v2\/pages\/475"}],"collection":[{"href":"https:\/\/bradleyfarrugia.com\/index.php\/wp-json\/wp\/v2\/pages"}],"about":[{"href":"https:\/\/bradleyfarrugia.com\/index.php\/wp-json\/wp\/v2\/types\/page"}],"author":[{"embeddable":true,"href":"https:\/\/bradleyfarrugia.com\/index.php\/wp-json\/wp\/v2\/users\/1"}],"replies":[{"embeddable":true,"href":"https:\/\/bradleyfarrugia.com\/index.php\/wp-json\/wp\/v2\/comments?post=475"}],"version-history":[{"count":165,"href":"https:\/\/bradleyfarrugia.com\/index.php\/wp-json\/wp\/v2\/pages\/475\/revisions"}],"predecessor-version":[{"id":1283,"href":"https:\/\/bradleyfarrugia.com\/index.php\/wp-json\/wp\/v2\/pages\/475\/revisions\/1283"}],"wp:attachment":[{"href":"https:\/\/bradleyfarrugia.com\/index.php\/wp-json\/wp\/v2\/media?parent=475"}],"curies":[{"name":"wp","href":"https:\/\/api.w.org\/{rel}","templated":true}]}}